{"id":50,"date":"2026-03-16T11:41:04","date_gmt":"2026-03-16T11:41:04","guid":{"rendered":"https:\/\/pdautoserwis.pl\/?page_id=50"},"modified":"2026-03-16T11:41:04","modified_gmt":"2026-03-16T11:41:04","slug":"cennik","status":"publish","type":"page","link":"https:\/\/pdautoserwis.pl\/index.php\/cennik\/","title":{"rendered":"Cennik"},"content":{"rendered":"\n<h1>\n\t\t\tCennik us\u0142ug\t<\/h1>\n\t\n<table id=\"tablepress-1\" class=\"tablepress tablepress-id-1\">\n<tbody>\n<tr class=\"row-1\">\n\t<td class=\"column-1\">Us\u0142uga<\/td><td class=\"column-2\">Cena<\/td>\n<\/tr>\n<tr class=\"row-2\">\n\t<td class=\"column-1\">Diagnotsyka komputerowa<\/td><td class=\"column-2\">Od 100 z\u0142<\/td>\n<\/tr>\n<tr class=\"row-3\">\n\t<td class=\"column-1\">Serwis olejowy filtrowy<\/td><td class=\"column-2\">Od 120 zl<\/td>\n<\/tr>\n<tr class=\"row-4\">\n\t<td class=\"column-1\">Wymiana rozrz\u0105dku pasek \/ \u0142a\u0144cuch<\/td><td class=\"column-2\">Od 600 \/ 900 z\u0142<\/td>\n<\/tr>\n<tr class=\"row-5\">\n\t<td class=\"column-1\">Wymiana sprz\u0119g\u0142a<\/td><td class=\"column-2\">Od 700 z\u0142<\/td>\n<\/tr>\n<tr class=\"row-6\">\n\t<td class=\"column-1\">Wymiana p\u0142ynu hamulcowego\/ch\u0142odniczego<\/td><td class=\"column-2\">Od 150 z\u0142<\/td>\n<\/tr>\n<tr class=\"row-7\">\n\t<td class=\"column-1\">Wymiana \u015bwiec zap\u0142onowych \/ \u017carowych<\/td><td class=\"column-2\">Od 150 \/ 200 z\u0142<\/td>\n<\/tr>\n<tr class=\"row-8\">\n\t<td class=\"column-1\">Wymiana tarcz i klock\u00f3w<\/td><td class=\"column-2\">Od 300 z\u0142 za o\u015b<\/td>\n<\/tr>\n<tr class=\"row-9\">\n\t<td class=\"column-1\">Wymiana scz\u0119k hamlucowych i b\u0119bn\u00f3w<\/td><td class=\"column-2\">Od 300 z\u0142 za o\u015b<\/td>\n<\/tr>\n<tr class=\"row-10\">\n\t<td class=\"column-1\">Wymiana zacisk\u00f3w hamulcowych<\/td><td class=\"column-2\">Od 70 z\u0142<\/td>\n<\/tr>\n<tr class=\"row-11\">\n\t<td class=\"column-1\">Wymiana przewod\u00f3w hamulcowych<\/td><td class=\"column-2\">Od 100 z\u0142<\/td>\n<\/tr>\n<tr class=\"row-12\">\n\t<td class=\"column-1\">Wymiana amortyzator\u00f3w<\/td><td class=\"column-2\">Od 250 z\u0142<\/td>\n<\/tr>\n<tr class=\"row-13\">\n\t<td class=\"column-1\">Wymiana wahacza<\/td><td class=\"column-2\">Od 150 z\u0142<\/td>\n<\/tr>\n<tr class=\"row-14\">\n\t<td class=\"column-1\">Wymiana \u0142\u0105cznik\u00f3w stabilizatora<\/td><td class=\"column-2\">Od 150 zl<\/td>\n<\/tr>\n<tr class=\"row-15\">\n\t<td class=\"column-1\">Wymiana przek\u0142adni kierowniczej<\/td><td class=\"column-2\">Od 400 z\u0142<\/td>\n<\/tr>\n<tr class=\"row-16\">\n\t<td class=\"column-1\">Wymiana przegubu\/p\u00f3\u0142osi<\/td><td class=\"column-2\">Od 250 z\u0142<\/td>\n<\/tr>\n<tr class=\"row-17\">\n\t<td class=\"column-1\">Wymiana \u0142o\u017cysk<\/td><td class=\"column-2\">Od 200 z\u0142<\/td>\n<\/tr>\n<tr class=\"row-18\">\n\t<td class=\"column-1\">Wymiana t\u0142umika<\/td><td class=\"column-2\">Od 200 z\u0142<\/td>\n<\/tr>\n<tr class=\"row-19\">\n\t<td class=\"column-1\">Wymiana rozrusznika<\/td><td class=\"column-2\">Od 250 z\u0142<\/td>\n<\/tr>\n<tr class=\"row-20\">\n\t<td class=\"column-1\">Wymiana alternatora<\/td><td class=\"column-2\">Od 300 z\u0142<\/td>\n<\/tr>\n<tr class=\"row-21\">\n\t<td class=\"column-1\">Nape\u0142nianie klimatyzacji<\/td><td class=\"column-2\">Od 250 z\u0142<\/td>\n<\/tr>\n<tr class=\"row-22\">\n\t<td class=\"column-1\">Dezynfeckja + odgrzybianie klimatyzacji<\/td><td class=\"column-2\">Od 150 z\u0142<\/td>\n<\/tr>\n<tr class=\"row-23\">\n\t<td class=\"column-1\">Wymiana opon<\/td><td class=\"column-2\">Od 120 z\u0142<\/td>\n<\/tr>\n<tr class=\"row-24\">\n\t<td class=\"column-1\">Przechowanie opon<\/td><td class=\"column-2\">Od 120 z\u0142 za sezon<\/td>\n<\/tr>\n<\/tbody>\n<\/table>\n<!-- #tablepress-1 from cache -->\n\t\t\t<a href=\"tel:+48518446451\"  target=\"_self\">\n\t\t\t\t\t\tZadzwo\u0144 teraz !\n\t\t\t\t\t<\/a>\n\n","protected":false},"excerpt":{"rendered":"<p>Cennik us\u0142ug Zadzwo\u0144 teraz !<\/p>\n","protected":false},"author":1,"featured_media":0,"parent":0,"menu_order":0,"comment_status":"closed","ping_status":"closed","template":"","meta":{"ngg_post_thumbnail":0,"footnotes":""},"class_list":["post-50","page","type-page","status-publish","hentry"],"_links":{"self":[{"href":"https:\/\/pdautoserwis.pl\/index.php\/wp-json\/wp\/v2\/pages\/50","targetHints":{"allow":["GET"]}}],"collection":[{"href":"https:\/\/pdautoserwis.pl\/index.php\/wp-json\/wp\/v2\/pages"}],"about":[{"href":"https:\/\/pdautoserwis.pl\/index.php\/wp-json\/wp\/v2\/types\/page"}],"author":[{"embeddable":true,"href":"https:\/\/pdautoserwis.pl\/index.php\/wp-json\/wp\/v2\/users\/1"}],"replies":[{"embeddable":true,"href":"https:\/\/pdautoserwis.pl\/index.php\/wp-json\/wp\/v2\/comments?post=50"}],"version-history":[{"count":2,"href":"https:\/\/pdautoserwis.pl\/index.php\/wp-json\/wp\/v2\/pages\/50\/revisions"}],"predecessor-version":[{"id":53,"href":"https:\/\/pdautoserwis.pl\/index.php\/wp-json\/wp\/v2\/pages\/50\/revisions\/53"}],"wp:attachment":[{"href":"https:\/\/pdautoserwis.pl\/index.php\/wp-json\/wp\/v2\/media?parent=50"}],"curies":[{"name":"wp","href":"https:\/\/api.w.org\/{rel}","templated":true}]}}